{"id":16587,"date":"2023-08-30T22:47:33","date_gmt":"2023-08-30T21:47:33","guid":{"rendered":"https:\/\/zazkoland.com\/bewaesserungsverordnung\/"},"modified":"2023-08-30T23:02:34","modified_gmt":"2023-08-30T22:02:34","slug":"bewaesserungsverordnung","status":"publish","type":"page","link":"https:\/\/zazkoland.com\/de\/dienstleistungen\/bewaesserungsverordnung\/","title":{"rendered":"Bew\u00e4sserungsverordnung"},"content":{"rendered":"\t\t<div data-elementor-type=\"wp-page\" data-elementor-id=\"16587\" class=\"elementor elementor-16587 elementor-16536\">\n\t\t\t\t\t\t\t\t\t<section class=\"wd-negative-gap elementor-section elementor-top-section elementor-element elementor-element-c1b1d57 elementor-section-content-middle elementor-section-boxed elementor-section-height-default elementor-section-height-default wd-section-disabled\" data-id=\"c1b1d57\" data-element_type=\"section\">\n\t\t\t\t\t\t<div class=\"elementor-container elementor-column-gap-default\">\n\t\t\t\t\t<div class=\"elementor-column elementor-col-50 elementor-top-column elementor-element elementor-element-cff0bec\" data-id=\"cff0bec\" data-element_type=\"column\">\n\t\t\t<div class=\"elementor-widget-wrap elementor-element-populated\">\n\t\t\t\t\t\t\t\t<div class=\"elementor-element elementor-element-53e34cb elementor-widget elementor-widget-wd_image_or_svg\" data-id=\"53e34cb\" data-element_type=\"widget\" data-widget_type=\"wd_image_or_svg.default\">\n\t\t\t\t<div class=\"elementor-widget-container\">\n\t\t\t\n\t\t<div class=\"wd-image text-left\">\n\t\t\t\t\t\t\t\t<img loading=\"lazy\" decoding=\"async\" width=\"1200\" height=\"628\" src=\"https:\/\/zazkoland.com\/wp-content\/uploads\/2023\/08\/Irrigation-regulation.png\" class=\"attachment-full size-full wp-image-16537\" alt=\"\" srcset=\"https:\/\/zazkoland.com\/wp-content\/uploads\/2023\/08\/Irrigation-regulation.png 1200w, https:\/\/zazkoland.com\/wp-content\/uploads\/2023\/08\/Irrigation-regulation-400x209.png 400w, https:\/\/zazkoland.com\/wp-content\/uploads\/2023\/08\/Irrigation-regulation-768x402.png 768w\" sizes=\"(max-width: 1200px) 100vw, 1200px\" \/>\t\t\t\t\t<\/div>\n\n\t\t\t\t<\/div>\n\t\t\t\t<\/div>\n\t\t\t\t\t<\/div>\n\t\t<\/div>\n\t\t\t\t<div class=\"elementor-column elementor-col-50 elementor-top-column elementor-element elementor-element-e56957a\" data-id=\"e56957a\" data-element_type=\"column\">\n\t\t\t<div class=\"elementor-widget-wrap elementor-element-populated\">\n\t\t\t\t\t\t\t\t<div class=\"elementor-element elementor-element-edd6d0d elementor-widget elementor-widget-wd_title\" data-id=\"edd6d0d\" data-element_type=\"widget\" data-widget_type=\"wd_title.default\">\n\t\t\t\t<div class=\"elementor-widget-container\">\n\t\t\t\t\t\t<link rel=\"stylesheet\" id=\"wd-section-title-css\" href=\"https:\/\/zazkoland.com\/wp-content\/themes\/woodmart\/css\/parts\/el-section-title.min.css?ver=7.2.5\" type=\"text\/css\" media=\"all\" \/> \t\t\t\t\t<div class=\"title-wrapper set-mb-s reset-last-child wd-title-color-default wd-title-style-default wd-title-size-default text-left\">\n\n\t\t\t\n\t\t\t<div class=\"liner-continer\">\n\t\t\t\t<h4 class=\"woodmart-title-container title wd-fontsize-l\">Optimierung des landwirtschaftlichen Wassermanagements: Unsere Dienstleistungen zur Bew\u00e4sserungsregulierung<\/h4> \n\t\t\t\t\t\t\t<\/div>\n\n\t\t\t\t\t\t\t<div class=\"title-after_title set-cont-mb-s reset-last-child wd-fontsize-xs\">\n\t\t\t\t\t<p>Effizientes Wassermanagement ist das Herzst\u00fcck einer erfolgreichen Landwirtschaft, und unsere Bew\u00e4sserungsregulierungsdienste sorgen daf\u00fcr, dass Ihre Pflanzen genau die Menge an Wasser erhalten, die sie ben\u00f6tigen. Mit Fokus auf Nachhaltigkeit und optimale Ressourcennutzung bieten wir fortschrittliche L\u00f6sungen zur Verbesserung Ihrer Bew\u00e4sserungssysteme.<\/p><p>Unser Expertenteam nutzt die neueste Technologie und datengesteuerte Erkenntnisse, um Bew\u00e4sserungssysteme zu entwerfen, zu implementieren und zu regulieren, die auf die Anforderungen Ihrer Kulturpflanzen und die \u00f6rtlichen Bedingungen abgestimmt sind. Ganz gleich, ob Sie ein kleines Grundst\u00fcck oder eine gro\u00dfe Agrarlandschaft verwalten, unsere Dienstleistungen gehen auf Ihre spezifischen Bed\u00fcrfnisse ein.<\/p>\t\t\t\t<\/div>\n\t\t\t\t\t<\/div>\n\t\t\t\t<\/div>\n\t\t\t\t<\/div>\n\t\t\t\t\t<\/div>\n\t\t<\/div>\n\t\t\t\t\t\t\t<\/div>\n\t\t<\/section>\n\t\t\t\t<section class=\"wd-negative-gap elementor-section elementor-top-section elementor-element elementor-element-6b100dd elementor-section-boxed elementor-section-height-default elementor-section-height-default wd-section-disabled\" data-id=\"6b100dd\" data-element_type=\"section\">\n\t\t\t\t\t\t<div class=\"elementor-container elementor-column-gap-default\">\n\t\t\t\t\t<div class=\"elementor-column elementor-col-100 elementor-top-column elementor-element elementor-element-ae00c0f\" data-id=\"ae00c0f\" data-element_type=\"column\">\n\t\t\t<div class=\"elementor-widget-wrap elementor-element-populated\">\n\t\t\t\t\t\t\t\t<div class=\"elementor-element elementor-element-3677bd0 elementor-widget elementor-widget-wd_title\" data-id=\"3677bd0\" data-element_type=\"widget\" data-widget_type=\"wd_title.default\">\n\t\t\t\t<div class=\"elementor-widget-container\">\n\t\t\t\t\t<div class=\"title-wrapper set-mb-s reset-last-child wd-title-color-default wd-title-style-default wd-title-size-medium text-center\">\n\n\t\t\t\n\t\t\t<div class=\"liner-continer\">\n\t\t\t\t<h4 class=\"woodmart-title-container title wd-fontsize-xl\">Galerie<\/h4> \n\t\t\t\t\t\t\t<\/div>\n\n\t\t\t\t\t<\/div>\n\t\t\t\t<\/div>\n\t\t\t\t<\/div>\n\t\t\t\t<div class=\"elementor-element elementor-element-fe09660 elementor-widget elementor-widget-wd_images_gallery\" data-id=\"fe09660\" data-element_type=\"widget\" data-widget_type=\"wd_images_gallery.default\">\n\t\t\t\t<div class=\"elementor-widget-container\">\n\t\t\t\t\t\t<link rel=\"stylesheet\" id=\"wd-photoswipe-css\" href=\"https:\/\/zazkoland.com\/wp-content\/themes\/woodmart\/css\/parts\/lib-photoswipe.min.css?ver=7.2.5\" type=\"text\/css\" media=\"all\" \/> \t\t\t\t\t\t<link rel=\"stylesheet\" id=\"wd-image-gallery-css\" href=\"https:\/\/zazkoland.com\/wp-content\/themes\/woodmart\/css\/parts\/el-gallery.min.css?ver=7.2.5\" type=\"text\/css\" media=\"all\" \/> \t\t\t\t\t<div class=\"wd-images-gallery wd-justify-center wd-items-middle view-masonry photoswipe-images\" >\n\t\t\t<div class=\"gallery-images row wd-spacing-20\">\n\t\t\t\t\t\t\t\t\t\t\t\t\t\t<div class=\"wd-gallery-item  col-lg-6 col-md-6 col-12\">\n\t\t\t\t\t\t\t\t\t\t\t\t\t<a  href=\"https:\/\/zazkoland.com\/wp-content\/uploads\/2023\/08\/Irrigation-regulation-4.png\"data-width=\"1200\" data-height=\"628\" data-index=\"1\" data-elementor-open-lightbox=\"no\">\n\t\t\t\t\t\t\n\t\t\t\t\t\t<img decoding=\"async\" src=\"https:\/\/zazkoland.com\/wp-content\/uploads\/2023\/08\/Irrigation-regulation-4.png\"alt=\"Irrigation regulation 4\">\n\t\t\t\t\t\t\t\t\t\t\t\t\t<\/a>\n\t\t\t\t\t\t\t\t\t\t\t<\/div>\n\t\t\t\t\t\t\t\t\t\t\t\t\t\t\t<div class=\"wd-gallery-item  col-lg-6 col-md-6 col-12\">\n\t\t\t\t\t\t\t\t\t\t\t\t\t<a  href=\"https:\/\/zazkoland.com\/wp-content\/uploads\/2023\/08\/Irrigation-regulation-3.png\"data-width=\"1200\" data-height=\"628\" data-index=\"2\" data-elementor-open-lightbox=\"no\">\n\t\t\t\t\t\t\n\t\t\t\t\t\t<img decoding=\"async\" src=\"https:\/\/zazkoland.com\/wp-content\/uploads\/2023\/08\/Irrigation-regulation-3.png\"alt=\"Irrigation regulation 3\">\n\t\t\t\t\t\t\t\t\t\t\t\t\t<\/a>\n\t\t\t\t\t\t\t\t\t\t\t<\/div>\n\t\t\t\t\t\t\t\t\t\t\t\t\t\t\t<div class=\"wd-gallery-item  col-lg-6 col-md-6 col-12\">\n\t\t\t\t\t\t\t\t\t\t\t\t\t<a  href=\"https:\/\/zazkoland.com\/wp-content\/uploads\/2023\/08\/Irrigation-regulation-2.png\"data-width=\"1200\" data-height=\"628\" data-index=\"3\" data-elementor-open-lightbox=\"no\">\n\t\t\t\t\t\t\n\t\t\t\t\t\t<img decoding=\"async\" src=\"https:\/\/zazkoland.com\/wp-content\/uploads\/2023\/08\/Irrigation-regulation-2.png\"alt=\"Irrigation regulation 2\">\n\t\t\t\t\t\t\t\t\t\t\t\t\t<\/a>\n\t\t\t\t\t\t\t\t\t\t\t<\/div>\n\t\t\t\t\t\t\t\t\t\t\t\t\t\t\t<div class=\"wd-gallery-item  col-lg-6 col-md-6 col-12\">\n\t\t\t\t\t\t\t\t\t\t\t\t\t<a  href=\"https:\/\/zazkoland.com\/wp-content\/uploads\/2023\/08\/Irrigation-regulation-1.png\"data-width=\"1200\" data-height=\"628\" data-index=\"4\" data-elementor-open-lightbox=\"no\">\n\t\t\t\t\t\t\n\t\t\t\t\t\t<img decoding=\"async\" src=\"https:\/\/zazkoland.com\/wp-content\/uploads\/2023\/08\/Irrigation-regulation-1.png\"alt=\"Irrigation regulation 1\">\n\t\t\t\t\t\t\t\t\t\t\t\t\t<\/a>\n\t\t\t\t\t\t\t\t\t\t\t<\/div>\n\t\t\t\t\t\t\t\t<\/div>\n\t\t<\/div>\n\t\t\t\t<\/div>\n\t\t\t\t<\/div>\n\t\t\t\t\t<\/div>\n\t\t<\/div>\n\t\t\t\t\t\t\t<\/div>\n\t\t<\/section>\n\t\t\t\t\t\t\t<\/div>\n\t\t","protected":false},"excerpt":{"rendered":"<p>Optimierung des landwirtschaftlichen Wassermanagements: Unsere Dienstleistungen zur Bew\u00e4sserungsregulierung Effizientes Wassermanagement ist das Herzst\u00fcck einer erfolgreichen Landwirtschaft, und unsere Bew\u00e4sserungsregulierungsdienste sorgen<\/p>\n","protected":false},"author":1,"featured_media":16537,"parent":16490,"menu_order":0,"comment_status":"closed","ping_status":"closed","template":"","meta":{"_joinchat":[],"footnotes":""},"class_list":["post-16587","page","type-page","status-publish","has-post-thumbnail","hentry"],"_links":{"self":[{"href":"https:\/\/zazkoland.com\/de\/wp-json\/wp\/v2\/pages\/16587"}],"collection":[{"href":"https:\/\/zazkoland.com\/de\/wp-json\/wp\/v2\/pages"}],"about":[{"href":"https:\/\/zazkoland.com\/de\/wp-json\/wp\/v2\/types\/page"}],"author":[{"embeddable":true,"href":"https:\/\/zazkoland.com\/de\/wp-json\/wp\/v2\/users\/1"}],"replies":[{"embeddable":true,"href":"https:\/\/zazkoland.com\/de\/wp-json\/wp\/v2\/comments?post=16587"}],"version-history":[{"count":2,"href":"https:\/\/zazkoland.com\/de\/wp-json\/wp\/v2\/pages\/16587\/revisions"}],"predecessor-version":[{"id":16598,"href":"https:\/\/zazkoland.com\/de\/wp-json\/wp\/v2\/pages\/16587\/revisions\/16598"}],"up":[{"embeddable":true,"href":"https:\/\/zazkoland.com\/de\/wp-json\/wp\/v2\/pages\/16490"}],"wp:featuredmedia":[{"embeddable":true,"href":"https:\/\/zazkoland.com\/de\/wp-json\/wp\/v2\/media\/16537"}],"wp:attachment":[{"href":"https:\/\/zazkoland.com\/de\/wp-json\/wp\/v2\/media?parent=16587"}],"curies":[{"name":"wp","href":"https:\/\/api.w.org\/{rel}","templated":true}]}}