{"id":16505,"date":"2023-08-15T10:19:05","date_gmt":"2023-08-15T09:19:05","guid":{"rendered":"https:\/\/zazkoland.com\/dienstleistungen\/brunnenbau-und-wassertechnik\/"},"modified":"2023-08-30T16:54:16","modified_gmt":"2023-08-30T15:54:16","slug":"brunnenbau-und-wassertechnik","status":"publish","type":"page","link":"https:\/\/zazkoland.com\/de\/dienstleistungen\/brunnenbau-und-wassertechnik\/","title":{"rendered":"Brunnenbau und Wassertechnik"},"content":{"rendered":"\t\t<div data-elementor-type=\"wp-page\" data-elementor-id=\"16505\" class=\"elementor elementor-16505 elementor-16422\">\n\t\t\t\t\t\t\t\t\t<section class=\"wd-negative-gap elementor-section elementor-top-section elementor-element elementor-element-561884e elementor-section-content-middle elementor-section-boxed elementor-section-height-default elementor-section-height-default wd-section-disabled\" data-id=\"561884e\" data-element_type=\"section\">\n\t\t\t\t\t\t<div class=\"elementor-container elementor-column-gap-default\">\n\t\t\t\t\t<div class=\"elementor-column elementor-col-50 elementor-top-column elementor-element elementor-element-82e5086\" data-id=\"82e5086\" data-element_type=\"column\">\n\t\t\t<div class=\"elementor-widget-wrap elementor-element-populated\">\n\t\t\t\t\t\t\t\t<div class=\"elementor-element elementor-element-42eee49 elementor-widget elementor-widget-wd_image_or_svg\" data-id=\"42eee49\" data-element_type=\"widget\" data-widget_type=\"wd_image_or_svg.default\">\n\t\t\t\t<div class=\"elementor-widget-container\">\n\t\t\t\n\t\t<div class=\"wd-image text-left\">\n\t\t\t\t\t\t\t\t<img loading=\"lazy\" decoding=\"async\" width=\"1200\" height=\"628\" src=\"https:\/\/zazkoland.com\/wp-content\/uploads\/2023\/08\/Well-drilling-and-water-technology.png\" class=\"attachment-full size-full wp-image-16083\" alt=\"\" srcset=\"https:\/\/zazkoland.com\/wp-content\/uploads\/2023\/08\/Well-drilling-and-water-technology.png 1200w, https:\/\/zazkoland.com\/wp-content\/uploads\/2023\/08\/Well-drilling-and-water-technology-430x225.png 430w, https:\/\/zazkoland.com\/wp-content\/uploads\/2023\/08\/Well-drilling-and-water-technology-150x79.png 150w, https:\/\/zazkoland.com\/wp-content\/uploads\/2023\/08\/Well-drilling-and-water-technology-700x366.png 700w, https:\/\/zazkoland.com\/wp-content\/uploads\/2023\/08\/Well-drilling-and-water-technology-400x209.png 400w, https:\/\/zazkoland.com\/wp-content\/uploads\/2023\/08\/Well-drilling-and-water-technology-768x402.png 768w, https:\/\/zazkoland.com\/wp-content\/uploads\/2023\/08\/Well-drilling-and-water-technology-860x450.png 860w\" sizes=\"(max-width: 1200px) 100vw, 1200px\" \/>\t\t\t\t\t<\/div>\n\n\t\t\t\t<\/div>\n\t\t\t\t<\/div>\n\t\t\t\t\t<\/div>\n\t\t<\/div>\n\t\t\t\t<div class=\"elementor-column elementor-col-50 elementor-top-column elementor-element elementor-element-7a60392\" data-id=\"7a60392\" data-element_type=\"column\">\n\t\t\t<div class=\"elementor-widget-wrap elementor-element-populated\">\n\t\t\t\t\t\t\t\t<div class=\"elementor-element elementor-element-a644d92 elementor-widget elementor-widget-wd_title\" data-id=\"a644d92\" data-element_type=\"widget\" data-widget_type=\"wd_title.default\">\n\t\t\t\t<div class=\"elementor-widget-container\">\n\t\t\t\t\t\t<link rel=\"stylesheet\" id=\"wd-section-title-css\" href=\"https:\/\/zazkoland.com\/wp-content\/themes\/woodmart\/css\/parts\/el-section-title.min.css?ver=7.2.5\" type=\"text\/css\" media=\"all\" \/> \t\t\t\t\t<div class=\"title-wrapper set-mb-s reset-last-child wd-title-color-default wd-title-style-default wd-title-size-default text-left\">\n\n\t\t\t\n\t\t\t<div class=\"liner-continer\">\n\t\t\t\t<h4 class=\"woodmart-title-container title wd-fontsize-l\">Abteilung f\u00fcr Bohr- und Brunnentechnik<\/h4> \n\t\t\t\t\t\t\t<\/div>\n\n\t\t\t\t\t\t\t<div class=\"title-after_title set-cont-mb-s reset-last-child wd-fontsize-xs\">\n\t\t\t\t\t<p>Wir graben artesische Brunnen in Wassertiefen von 1200 Tiefen, mit der Lieferung und Installation von Tauchwasserpumpen, elektrischen Generatoren und Solarkraftwerken f\u00fcr den Brunnen ... mit Entsalzungsanlagen, Brunnenflanschen und magnetischen Salzspaltger\u00e4ten ... und der Lieferung und Installation des f\u00fcr den Brunnen notwendigen Zubeh\u00f6rs. ..<\/p><p>Unsere Erfahrung erstreckt sich \u00fcber artesische Brunnen hinaus auf ein breites Spektrum wasserbezogener Dienstleistungen. Dazu geh\u00f6rt die Lieferung und Installation von Tauchwasserpumpen, Stromgeneratoren und Solarkraftwerken, um einen effizienten Betrieb von Brunnen zu gew\u00e4hrleisten. Dar\u00fcber hinaus sind wir auf Entsalzungsanlagen, Brunnenflansche und magnetische Salzcracker zur Verbesserung der Wasserqualit\u00e4t spezialisiert. Unser Streben nach Exzellenz erstreckt sich auch auf die Bereitstellung des gesamten notwendigen Zubeh\u00f6rs, um eine optimale Bohrlochleistung zu gew\u00e4hrleisten. Bei Zoko Land sind wir Ihr vertrauensw\u00fcrdiger Partner f\u00fcr komplette Wasserl\u00f6sungen.<\/p>\t\t\t\t<\/div>\n\t\t\t\t\t<\/div>\n\t\t\t\t<\/div>\n\t\t\t\t<\/div>\n\t\t\t\t\t<\/div>\n\t\t<\/div>\n\t\t\t\t\t\t\t<\/div>\n\t\t<\/section>\n\t\t\t\t<section class=\"wd-negative-gap elementor-section elementor-top-section elementor-element elementor-element-4e93d9b elementor-section-boxed elementor-section-height-default elementor-section-height-default wd-section-disabled\" data-id=\"4e93d9b\" data-element_type=\"section\">\n\t\t\t\t\t\t<div class=\"elementor-container elementor-column-gap-default\">\n\t\t\t\t\t<div class=\"elementor-column elementor-col-100 elementor-top-column elementor-element elementor-element-ff526fe\" data-id=\"ff526fe\" data-element_type=\"column\">\n\t\t\t<div class=\"elementor-widget-wrap elementor-element-populated\">\n\t\t\t\t\t\t\t\t<div class=\"elementor-element elementor-element-ce8809e elementor-widget elementor-widget-wd_title\" data-id=\"ce8809e\" data-element_type=\"widget\" data-widget_type=\"wd_title.default\">\n\t\t\t\t<div class=\"elementor-widget-container\">\n\t\t\t\t\t<div class=\"title-wrapper set-mb-s reset-last-child wd-title-color-default wd-title-style-default wd-title-size-medium text-center\">\n\n\t\t\t\n\t\t\t<div class=\"liner-continer\">\n\t\t\t\t<h4 class=\"woodmart-title-container title wd-fontsize-xl\">Galerie<\/h4> \n\t\t\t\t\t\t\t<\/div>\n\n\t\t\t\t\t<\/div>\n\t\t\t\t<\/div>\n\t\t\t\t<\/div>\n\t\t\t\t<div class=\"elementor-element elementor-element-e6d773b elementor-widget elementor-widget-wd_images_gallery\" data-id=\"e6d773b\" data-element_type=\"widget\" data-widget_type=\"wd_images_gallery.default\">\n\t\t\t\t<div class=\"elementor-widget-container\">\n\t\t\t\t\t\t<link rel=\"stylesheet\" id=\"wd-photoswipe-css\" href=\"https:\/\/zazkoland.com\/wp-content\/themes\/woodmart\/css\/parts\/lib-photoswipe.min.css?ver=7.2.5\" type=\"text\/css\" media=\"all\" \/> \t\t\t\t\t\t<link rel=\"stylesheet\" id=\"wd-image-gallery-css\" href=\"https:\/\/zazkoland.com\/wp-content\/themes\/woodmart\/css\/parts\/el-gallery.min.css?ver=7.2.5\" type=\"text\/css\" media=\"all\" \/> \t\t\t\t\t<div class=\"wd-images-gallery wd-justify-center wd-items-middle view-masonry photoswipe-images\" >\n\t\t\t<div class=\"gallery-images row wd-spacing-20\">\n\t\t\t\t\t\t\t\t\t\t\t\t\t\t<div class=\"wd-gallery-item  col-lg-6 col-md-6 col-12\">\n\t\t\t\t\t\t\t\t\t\t\t\t\t<a  href=\"https:\/\/zazkoland.com\/wp-content\/uploads\/2023\/08\/Well-drilling-and-water-technology-4.png\"data-width=\"1200\" data-height=\"628\" data-index=\"1\" data-elementor-open-lightbox=\"no\">\n\t\t\t\t\t\t\n\t\t\t\t\t\t<img decoding=\"async\" src=\"https:\/\/zazkoland.com\/wp-content\/uploads\/2023\/08\/Well-drilling-and-water-technology-4.png\"alt=\"Well drilling and water technology 4\">\n\t\t\t\t\t\t\t\t\t\t\t\t\t<\/a>\n\t\t\t\t\t\t\t\t\t\t\t<\/div>\n\t\t\t\t\t\t\t\t\t\t\t\t\t\t\t<div class=\"wd-gallery-item  col-lg-6 col-md-6 col-12\">\n\t\t\t\t\t\t\t\t\t\t\t\t\t<a  href=\"https:\/\/zazkoland.com\/wp-content\/uploads\/2023\/08\/Well-drilling-and-water-technology-3.png\"data-width=\"1200\" data-height=\"628\" data-index=\"2\" data-elementor-open-lightbox=\"no\">\n\t\t\t\t\t\t\n\t\t\t\t\t\t<img decoding=\"async\" src=\"https:\/\/zazkoland.com\/wp-content\/uploads\/2023\/08\/Well-drilling-and-water-technology-3.png\"alt=\"Well drilling and water technology 3\">\n\t\t\t\t\t\t\t\t\t\t\t\t\t<\/a>\n\t\t\t\t\t\t\t\t\t\t\t<\/div>\n\t\t\t\t\t\t\t\t\t\t\t\t\t\t\t<div class=\"wd-gallery-item  col-lg-6 col-md-6 col-12\">\n\t\t\t\t\t\t\t\t\t\t\t\t\t<a  href=\"https:\/\/zazkoland.com\/wp-content\/uploads\/2023\/08\/Well-drilling-and-water-technology-2.png\"data-width=\"1200\" data-height=\"628\" data-index=\"3\" data-elementor-open-lightbox=\"no\">\n\t\t\t\t\t\t\n\t\t\t\t\t\t<img decoding=\"async\" src=\"https:\/\/zazkoland.com\/wp-content\/uploads\/2023\/08\/Well-drilling-and-water-technology-2.png\"alt=\"Well drilling and water technology 2\">\n\t\t\t\t\t\t\t\t\t\t\t\t\t<\/a>\n\t\t\t\t\t\t\t\t\t\t\t<\/div>\n\t\t\t\t\t\t\t\t\t\t\t\t\t\t\t<div class=\"wd-gallery-item  col-lg-6 col-md-6 col-12\">\n\t\t\t\t\t\t\t\t\t\t\t\t\t<a  href=\"https:\/\/zazkoland.com\/wp-content\/uploads\/2023\/08\/Well-drilling-and-water-technology-1.png\"data-width=\"1200\" data-height=\"628\" data-index=\"4\" data-elementor-open-lightbox=\"no\">\n\t\t\t\t\t\t\n\t\t\t\t\t\t<img decoding=\"async\" src=\"https:\/\/zazkoland.com\/wp-content\/uploads\/2023\/08\/Well-drilling-and-water-technology-1.png\"alt=\"Well drilling and water technology 1\">\n\t\t\t\t\t\t\t\t\t\t\t\t\t<\/a>\n\t\t\t\t\t\t\t\t\t\t\t<\/div>\n\t\t\t\t\t\t\t\t\t\t\t\t\t\t\t<div class=\"wd-gallery-item  col-lg-6 col-md-6 col-12\">\n\t\t\t\t\t\t\t\t\t\t\t\t\t<a  href=\"https:\/\/zazkoland.com\/wp-content\/uploads\/2023\/08\/Well-drilling-and-water-technology.png\"data-width=\"1200\" data-height=\"628\" data-index=\"5\" data-elementor-open-lightbox=\"no\">\n\t\t\t\t\t\t\n\t\t\t\t\t\t<img decoding=\"async\" src=\"https:\/\/zazkoland.com\/wp-content\/uploads\/2023\/08\/Well-drilling-and-water-technology.png\"alt=\"Well drilling and water technology\">\n\t\t\t\t\t\t\t\t\t\t\t\t\t<\/a>\n\t\t\t\t\t\t\t\t\t\t\t<\/div>\n\t\t\t\t\t\t\t\t<\/div>\n\t\t<\/div>\n\t\t\t\t<\/div>\n\t\t\t\t<\/div>\n\t\t\t\t\t<\/div>\n\t\t<\/div>\n\t\t\t\t\t\t\t<\/div>\n\t\t<\/section>\n\t\t\t\t\t\t\t<\/div>\n\t\t","protected":false},"excerpt":{"rendered":"<p>Abteilung f\u00fcr Bohr- und Brunnentechnik Wir graben artesische Brunnen in Wassertiefen von 1200 Tiefen, mit der Lieferung und Installation von<\/p>\n","protected":false},"author":1,"featured_media":0,"parent":16490,"menu_order":0,"comment_status":"closed","ping_status":"closed","template":"","meta":{"_joinchat":[],"footnotes":""},"class_list":["post-16505","page","type-page","status-publish","hentry"],"_links":{"self":[{"href":"https:\/\/zazkoland.com\/de\/wp-json\/wp\/v2\/pages\/16505"}],"collection":[{"href":"https:\/\/zazkoland.com\/de\/wp-json\/wp\/v2\/pages"}],"about":[{"href":"https:\/\/zazkoland.com\/de\/wp-json\/wp\/v2\/types\/page"}],"author":[{"embeddable":true,"href":"https:\/\/zazkoland.com\/de\/wp-json\/wp\/v2\/users\/1"}],"replies":[{"embeddable":true,"href":"https:\/\/zazkoland.com\/de\/wp-json\/wp\/v2\/comments?post=16505"}],"version-history":[{"count":1,"href":"https:\/\/zazkoland.com\/de\/wp-json\/wp\/v2\/pages\/16505\/revisions"}],"predecessor-version":[{"id":16506,"href":"https:\/\/zazkoland.com\/de\/wp-json\/wp\/v2\/pages\/16505\/revisions\/16506"}],"up":[{"embeddable":true,"href":"https:\/\/zazkoland.com\/de\/wp-json\/wp\/v2\/pages\/16490"}],"wp:attachment":[{"href":"https:\/\/zazkoland.com\/de\/wp-json\/wp\/v2\/media?parent=16505"}],"curies":[{"name":"wp","href":"https:\/\/api.w.org\/{rel}","templated":true}]}}