{"id":16503,"date":"2023-08-15T10:20:40","date_gmt":"2023-08-15T09:20:40","guid":{"rendered":"https:\/\/zazkoland.com\/dienstleistungen\/landschaft\/"},"modified":"2023-08-30T16:51:29","modified_gmt":"2023-08-30T15:51:29","slug":"landschaft","status":"publish","type":"page","link":"https:\/\/zazkoland.com\/de\/dienstleistungen\/landschaft\/","title":{"rendered":"Landschaft"},"content":{"rendered":"\t\t<div data-elementor-type=\"wp-page\" data-elementor-id=\"16503\" class=\"elementor elementor-16503 elementor-15691\">\n\t\t\t\t\t\t\t\t\t<section class=\"wd-negative-gap elementor-section elementor-top-section elementor-element elementor-element-b49c42e elementor-section-content-middle elementor-section-boxed elementor-section-height-default elementor-section-height-default wd-section-disabled\" data-id=\"b49c42e\" data-element_type=\"section\">\n\t\t\t\t\t\t<div class=\"elementor-container elementor-column-gap-default\">\n\t\t\t\t\t<div class=\"elementor-column elementor-col-50 elementor-top-column elementor-element elementor-element-cb428d8\" data-id=\"cb428d8\" data-element_type=\"column\">\n\t\t\t<div class=\"elementor-widget-wrap elementor-element-populated\">\n\t\t\t\t\t\t\t\t<div class=\"elementor-element elementor-element-7ef1629 elementor-widget elementor-widget-wd_image_or_svg\" data-id=\"7ef1629\" data-element_type=\"widget\" data-widget_type=\"wd_image_or_svg.default\">\n\t\t\t\t<div class=\"elementor-widget-container\">\n\t\t\t\n\t\t<div class=\"wd-image text-left\">\n\t\t\t\t\t\t\t\t<img loading=\"lazy\" decoding=\"async\" width=\"1200\" height=\"628\" src=\"https:\/\/zazkoland.com\/wp-content\/uploads\/2023\/08\/Landscape.png\" class=\"attachment-full size-full wp-image-16121\" alt=\"\" srcset=\"https:\/\/zazkoland.com\/wp-content\/uploads\/2023\/08\/Landscape.png 1200w, https:\/\/zazkoland.com\/wp-content\/uploads\/2023\/08\/Landscape-430x225.png 430w, https:\/\/zazkoland.com\/wp-content\/uploads\/2023\/08\/Landscape-150x79.png 150w, https:\/\/zazkoland.com\/wp-content\/uploads\/2023\/08\/Landscape-700x366.png 700w, https:\/\/zazkoland.com\/wp-content\/uploads\/2023\/08\/Landscape-400x209.png 400w, https:\/\/zazkoland.com\/wp-content\/uploads\/2023\/08\/Landscape-768x402.png 768w, https:\/\/zazkoland.com\/wp-content\/uploads\/2023\/08\/Landscape-860x450.png 860w\" sizes=\"(max-width: 1200px) 100vw, 1200px\" \/>\t\t\t\t\t<\/div>\n\n\t\t\t\t<\/div>\n\t\t\t\t<\/div>\n\t\t\t\t\t<\/div>\n\t\t<\/div>\n\t\t\t\t<div class=\"elementor-column elementor-col-50 elementor-top-column elementor-element elementor-element-f04e29f\" data-id=\"f04e29f\" data-element_type=\"column\">\n\t\t\t<div class=\"elementor-widget-wrap elementor-element-populated\">\n\t\t\t\t\t\t\t\t<div class=\"elementor-element elementor-element-4378db5 elementor-widget elementor-widget-wd_title\" data-id=\"4378db5\" data-element_type=\"widget\" data-widget_type=\"wd_title.default\">\n\t\t\t\t<div class=\"elementor-widget-container\">\n\t\t\t\t\t\t<link rel=\"stylesheet\" id=\"wd-section-title-css\" href=\"https:\/\/zazkoland.com\/wp-content\/themes\/woodmart\/css\/parts\/el-section-title.min.css?ver=7.2.5\" type=\"text\/css\" media=\"all\" \/> \t\t\t\t\t<div class=\"title-wrapper set-mb-s reset-last-child wd-title-color-default wd-title-style-default wd-title-size-default text-left\">\n\n\t\t\t\t\t\t\t<div class=\"title-subtitle subtitle-color-default subtitle-style-default wd-fontsize-xs\">\n\t\t\t\t\tDie Sch\u00f6nheit der Natur erschaffen\t\t\t\t<\/div>\n\t\t\t\n\t\t\t<div class=\"liner-continer\">\n\t\t\t\t<h4 class=\"woodmart-title-container title wd-fontsize-l\">Unsere Landschaftsbeherrschung<\/h4> \n\t\t\t\t\t\t\t<\/div>\n\n\t\t\t\t\t\t\t<div class=\"title-after_title set-cont-mb-s reset-last-child wd-fontsize-xs\">\n\t\t\t\t\t<p>In unserer Landschaftsabteilung verwirklichen wir Tr\u00e4ume durch eine Mischung aus sanften und harten Landschaftsgestaltungstechniken. Von der Gestaltung malerischer Schwimmb\u00e4der, ruhiger k\u00fcnstlicher Seen und faszinierender Wasserf\u00e4lle bis hin zur Inszenierung eleganter Springbrunnen schaffen wir Wasserparadiese. Wir liefern und verlegen sorgf\u00e4ltig \u00fcppige Gr\u00fcnfl\u00e4chen mit den besten Naturrasenarten.<\/p>\t\t\t\t<\/div>\n\t\t\t\t\t<\/div>\n\t\t\t\t<\/div>\n\t\t\t\t<\/div>\n\t\t\t\t\t<\/div>\n\t\t<\/div>\n\t\t\t\t\t\t\t<\/div>\n\t\t<\/section>\n\t\t\t\t<section class=\"wd-negative-gap elementor-section elementor-top-section elementor-element elementor-element-c1ee6d4 elementor-section-boxed elementor-section-height-default elementor-section-height-default wd-section-disabled\" data-id=\"c1ee6d4\" data-element_type=\"section\">\n\t\t\t\t\t\t<div class=\"elementor-container elementor-column-gap-default\">\n\t\t\t\t\t<div class=\"elementor-column elementor-col-50 elementor-top-column elementor-element elementor-element-7687f5d\" data-id=\"7687f5d\" data-element_type=\"column\">\n\t\t\t<div class=\"elementor-widget-wrap elementor-element-populated\">\n\t\t\t\t\t\t\t\t<div class=\"elementor-element elementor-element-1350425 elementor-widget elementor-widget-wd_text_block\" data-id=\"1350425\" data-element_type=\"widget\" data-widget_type=\"wd_text_block.default\">\n\t\t\t\t<div class=\"elementor-widget-container\">\n\t\t\t\t\t\t<link rel=\"stylesheet\" id=\"wd-text-block-css\" href=\"https:\/\/zazkoland.com\/wp-content\/themes\/woodmart\/css\/parts\/el-text-block.min.css?ver=7.2.5\" type=\"text\/css\" media=\"all\" \/> \t\t\t\t\t<div class=\"wd-text-block reset-last-child text-left\">\n\t\t\t\n\t\t\t<p>Mit k\u00fcnstlerischem Touch kuratieren wir bezaubernde Ausstellungen von Zier- und Gew\u00fcrzpflanzen sowie ertragreichen Obstb\u00e4umen. Die Zazko Land Company ist bestrebt, Ihren Standort so zu pr\u00e4sentieren, wie Sie ihn sich vorstellen, und verwandelt R\u00e4ume in lebendige Kunstwerke. Unsere umfangreiche Erfahrung in diesem Bereich spricht B\u00e4nde und zeigt unser Engagement f\u00fcr die Gestaltung der faszinierenden Sch\u00f6nheit der Natur.<\/p>\n\t\t\t\t\t<\/div>\n\t\t\t\t<\/div>\n\t\t\t\t<\/div>\n\t\t\t\t\t<\/div>\n\t\t<\/div>\n\t\t\t\t<div class=\"elementor-column elementor-col-50 elementor-top-column elementor-element elementor-element-83d5f3e\" data-id=\"83d5f3e\" data-element_type=\"column\">\n\t\t\t<div class=\"elementor-widget-wrap elementor-element-populated\">\n\t\t\t\t\t\t\t\t<div class=\"elementor-element elementor-element-5827b28 elementor-widget elementor-widget-wd_text_block\" data-id=\"5827b28\" data-element_type=\"widget\" data-widget_type=\"wd_text_block.default\">\n\t\t\t\t<div class=\"elementor-widget-container\">\n\t\t\t\t\t<div class=\"wd-text-block reset-last-child text-left\">\n\t\t\t\n\t\t\t<p>Mit einer 50-j\u00e4hrigen Erfahrung in diesem Bereich sind wir mehr als nur Landschaftsg\u00e4rtner \u2013 wir sind K\u00fcnstler, die Landschaften mit einer Harmonie gestalten, die nur die Natur inspirieren kann. Unsere Leidenschaft f\u00fcr Perfektion treibt uns dazu, \u00fcber das Gew\u00f6hnliche hinauszugehen und Au\u00dfenr\u00e4ume zu schaffen, die \u00fcber das Konventionelle hinausgehen. Bei der Zazko Land Company ist jedes Projekt ein Beweis f\u00fcr unser Engagement und unsere Fachkompetenz, und Ihre Zufriedenheit ist unser Erfolg.<\/p>\n\t\t\t\t\t<\/div>\n\t\t\t\t<\/div>\n\t\t\t\t<\/div>\n\t\t\t\t\t<\/div>\n\t\t<\/div>\n\t\t\t\t\t\t\t<\/div>\n\t\t<\/section>\n\t\t\t\t<section class=\"wd-negative-gap elementor-section elementor-top-section elementor-element elementor-element-aaec5ac elementor-section-boxed elementor-section-height-default elementor-section-height-default wd-section-disabled\" data-id=\"aaec5ac\" data-element_type=\"section\">\n\t\t\t\t\t\t<div class=\"elementor-container elementor-column-gap-default\">\n\t\t\t\t\t<div class=\"elementor-column elementor-col-100 elementor-top-column elementor-element elementor-element-f391f2a\" data-id=\"f391f2a\" data-element_type=\"column\">\n\t\t\t<div class=\"elementor-widget-wrap elementor-element-populated\">\n\t\t\t\t\t\t\t\t<div class=\"elementor-element elementor-element-dcde2e2 elementor-widget elementor-widget-wd_title\" data-id=\"dcde2e2\" data-element_type=\"widget\" data-widget_type=\"wd_title.default\">\n\t\t\t\t<div class=\"elementor-widget-container\">\n\t\t\t\t\t<div class=\"title-wrapper set-mb-s reset-last-child wd-title-color-default wd-title-style-default wd-title-size-medium text-center\">\n\n\t\t\t\n\t\t\t<div class=\"liner-continer\">\n\t\t\t\t<h4 class=\"woodmart-title-container title wd-fontsize-xl\">Galerie<\/h4> \n\t\t\t\t\t\t\t<\/div>\n\n\t\t\t\t\t<\/div>\n\t\t\t\t<\/div>\n\t\t\t\t<\/div>\n\t\t\t\t<div class=\"elementor-element elementor-element-12d6763 elementor-widget elementor-widget-wd_images_gallery\" data-id=\"12d6763\" data-element_type=\"widget\" data-widget_type=\"wd_images_gallery.default\">\n\t\t\t\t<div class=\"elementor-widget-container\">\n\t\t\t\t\t\t<link rel=\"stylesheet\" id=\"wd-photoswipe-css\" href=\"https:\/\/zazkoland.com\/wp-content\/themes\/woodmart\/css\/parts\/lib-photoswipe.min.css?ver=7.2.5\" type=\"text\/css\" media=\"all\" \/> \t\t\t\t\t\t<link rel=\"stylesheet\" id=\"wd-image-gallery-css\" href=\"https:\/\/zazkoland.com\/wp-content\/themes\/woodmart\/css\/parts\/el-gallery.min.css?ver=7.2.5\" type=\"text\/css\" media=\"all\" \/> \t\t\t\t\t<div class=\"wd-images-gallery wd-justify-center wd-items-middle view-masonry photoswipe-images\" >\n\t\t\t<div class=\"gallery-images row wd-spacing-20\">\n\t\t\t\t\t\t\t\t\t\t\t\t\t\t<div class=\"wd-gallery-item  col-lg-6 col-md-6 col-12\">\n\t\t\t\t\t\t\t\t\t\t\t\t\t<a  href=\"https:\/\/zazkoland.com\/wp-content\/uploads\/2023\/08\/Landscape-4.png\"data-width=\"1200\" data-height=\"628\" data-index=\"1\" data-elementor-open-lightbox=\"no\">\n\t\t\t\t\t\t\n\t\t\t\t\t\t<img decoding=\"async\" src=\"https:\/\/zazkoland.com\/wp-content\/uploads\/2023\/08\/Landscape-4.png\"alt=\"Landscape 4\">\n\t\t\t\t\t\t\t\t\t\t\t\t\t<\/a>\n\t\t\t\t\t\t\t\t\t\t\t<\/div>\n\t\t\t\t\t\t\t\t\t\t\t\t\t\t\t<div class=\"wd-gallery-item  col-lg-6 col-md-6 col-12\">\n\t\t\t\t\t\t\t\t\t\t\t\t\t<a  href=\"https:\/\/zazkoland.com\/wp-content\/uploads\/2023\/08\/Landscape-3.png\"data-width=\"1200\" data-height=\"628\" data-index=\"2\" data-elementor-open-lightbox=\"no\">\n\t\t\t\t\t\t\n\t\t\t\t\t\t<img decoding=\"async\" src=\"https:\/\/zazkoland.com\/wp-content\/uploads\/2023\/08\/Landscape-3.png\"alt=\"Landscape 3\">\n\t\t\t\t\t\t\t\t\t\t\t\t\t<\/a>\n\t\t\t\t\t\t\t\t\t\t\t<\/div>\n\t\t\t\t\t\t\t\t\t\t\t\t\t\t\t<div class=\"wd-gallery-item  col-lg-6 col-md-6 col-12\">\n\t\t\t\t\t\t\t\t\t\t\t\t\t<a  href=\"https:\/\/zazkoland.com\/wp-content\/uploads\/2023\/08\/Landscape-2.png\"data-width=\"1200\" data-height=\"628\" data-index=\"3\" data-elementor-open-lightbox=\"no\">\n\t\t\t\t\t\t\n\t\t\t\t\t\t<img decoding=\"async\" src=\"https:\/\/zazkoland.com\/wp-content\/uploads\/2023\/08\/Landscape-2.png\"alt=\"Landscape 2\">\n\t\t\t\t\t\t\t\t\t\t\t\t\t<\/a>\n\t\t\t\t\t\t\t\t\t\t\t<\/div>\n\t\t\t\t\t\t\t\t\t\t\t\t\t\t\t<div class=\"wd-gallery-item  col-lg-6 col-md-6 col-12\">\n\t\t\t\t\t\t\t\t\t\t\t\t\t<a  href=\"https:\/\/zazkoland.com\/wp-content\/uploads\/2023\/08\/Landscape-1.png\"data-width=\"1200\" data-height=\"628\" data-index=\"4\" data-elementor-open-lightbox=\"no\">\n\t\t\t\t\t\t\n\t\t\t\t\t\t<img decoding=\"async\" src=\"https:\/\/zazkoland.com\/wp-content\/uploads\/2023\/08\/Landscape-1.png\"alt=\"Landscape 1\">\n\t\t\t\t\t\t\t\t\t\t\t\t\t<\/a>\n\t\t\t\t\t\t\t\t\t\t\t<\/div>\n\t\t\t\t\t\t\t\t<\/div>\n\t\t<\/div>\n\t\t\t\t<\/div>\n\t\t\t\t<\/div>\n\t\t\t\t\t<\/div>\n\t\t<\/div>\n\t\t\t\t\t\t\t<\/div>\n\t\t<\/section>\n\t\t\t\t\t\t\t<\/div>\n\t\t","protected":false},"excerpt":{"rendered":"<p>Die Sch\u00f6nheit der Natur erschaffen Unsere Landschaftsbeherrschung In unserer Landschaftsabteilung verwirklichen wir Tr\u00e4ume durch eine Mischung aus sanften und harten<\/p>\n","protected":false},"author":1,"featured_media":0,"parent":16490,"menu_order":0,"comment_status":"closed","ping_status":"closed","template":"","meta":{"_joinchat":[],"footnotes":""},"class_list":["post-16503","page","type-page","status-publish","hentry"],"_links":{"self":[{"href":"https:\/\/zazkoland.com\/de\/wp-json\/wp\/v2\/pages\/16503"}],"collection":[{"href":"https:\/\/zazkoland.com\/de\/wp-json\/wp\/v2\/pages"}],"about":[{"href":"https:\/\/zazkoland.com\/de\/wp-json\/wp\/v2\/types\/page"}],"author":[{"embeddable":true,"href":"https:\/\/zazkoland.com\/de\/wp-json\/wp\/v2\/users\/1"}],"replies":[{"embeddable":true,"href":"https:\/\/zazkoland.com\/de\/wp-json\/wp\/v2\/comments?post=16503"}],"version-history":[{"count":1,"href":"https:\/\/zazkoland.com\/de\/wp-json\/wp\/v2\/pages\/16503\/revisions"}],"predecessor-version":[{"id":16504,"href":"https:\/\/zazkoland.com\/de\/wp-json\/wp\/v2\/pages\/16503\/revisions\/16504"}],"up":[{"embeddable":true,"href":"https:\/\/zazkoland.com\/de\/wp-json\/wp\/v2\/pages\/16490"}],"wp:attachment":[{"href":"https:\/\/zazkoland.com\/de\/wp-json\/wp\/v2\/media?parent=16503"}],"curies":[{"name":"wp","href":"https:\/\/api.w.org\/{rel}","templated":true}]}}