{"id":16501,"date":"2023-08-15T10:19:57","date_gmt":"2023-08-15T09:19:57","guid":{"rendered":"https:\/\/zazkoland.com\/dienstleistungen\/landgewinnung-und-bewirtschaftung\/"},"modified":"2023-08-30T16:48:32","modified_gmt":"2023-08-30T15:48:32","slug":"landgewinnung-und-bewirtschaftung","status":"publish","type":"page","link":"https:\/\/zazkoland.com\/de\/dienstleistungen\/landgewinnung-und-bewirtschaftung\/","title":{"rendered":"Landgewinnung und -bewirtschaftung"},"content":{"rendered":"\t\t<div data-elementor-type=\"wp-page\" data-elementor-id=\"16501\" class=\"elementor elementor-16501 elementor-15689\">\n\t\t\t\t\t\t\t\t\t<section class=\"wd-negative-gap elementor-section elementor-top-section elementor-element elementor-element-0aca9f7 elementor-section-content-middle elementor-section-boxed elementor-section-height-default elementor-section-height-default wd-section-disabled\" data-id=\"0aca9f7\" data-element_type=\"section\">\n\t\t\t\t\t\t<div class=\"elementor-container elementor-column-gap-default\">\n\t\t\t\t\t<div class=\"elementor-column elementor-col-50 elementor-top-column elementor-element elementor-element-022571a\" data-id=\"022571a\" data-element_type=\"column\">\n\t\t\t<div class=\"elementor-widget-wrap elementor-element-populated\">\n\t\t\t\t\t\t\t\t<div class=\"elementor-element elementor-element-34fa413 elementor-widget elementor-widget-wd_image_or_svg\" data-id=\"34fa413\" data-element_type=\"widget\" data-widget_type=\"wd_image_or_svg.default\">\n\t\t\t\t<div class=\"elementor-widget-container\">\n\t\t\t\n\t\t<div class=\"wd-image text-left\">\n\t\t\t\t\t\t\t\t<img loading=\"lazy\" decoding=\"async\" width=\"1200\" height=\"628\" src=\"https:\/\/zazkoland.com\/wp-content\/uploads\/2023\/08\/Land-reclamation-and-cultivation.png\" class=\"attachment-full size-full wp-image-16107\" alt=\"\" srcset=\"https:\/\/zazkoland.com\/wp-content\/uploads\/2023\/08\/Land-reclamation-and-cultivation.png 1200w, https:\/\/zazkoland.com\/wp-content\/uploads\/2023\/08\/Land-reclamation-and-cultivation-430x225.png 430w, https:\/\/zazkoland.com\/wp-content\/uploads\/2023\/08\/Land-reclamation-and-cultivation-150x79.png 150w, https:\/\/zazkoland.com\/wp-content\/uploads\/2023\/08\/Land-reclamation-and-cultivation-700x366.png 700w, https:\/\/zazkoland.com\/wp-content\/uploads\/2023\/08\/Land-reclamation-and-cultivation-400x209.png 400w, https:\/\/zazkoland.com\/wp-content\/uploads\/2023\/08\/Land-reclamation-and-cultivation-768x402.png 768w, https:\/\/zazkoland.com\/wp-content\/uploads\/2023\/08\/Land-reclamation-and-cultivation-860x450.png 860w\" sizes=\"(max-width: 1200px) 100vw, 1200px\" \/>\t\t\t\t\t<\/div>\n\n\t\t\t\t<\/div>\n\t\t\t\t<\/div>\n\t\t\t\t\t<\/div>\n\t\t<\/div>\n\t\t\t\t<div class=\"elementor-column elementor-col-50 elementor-top-column elementor-element elementor-element-f9d4bbd\" data-id=\"f9d4bbd\" data-element_type=\"column\">\n\t\t\t<div class=\"elementor-widget-wrap elementor-element-populated\">\n\t\t\t\t\t\t\t\t<div class=\"elementor-element elementor-element-4149ce0 elementor-widget elementor-widget-wd_title\" data-id=\"4149ce0\" data-element_type=\"widget\" data-widget_type=\"wd_title.default\">\n\t\t\t\t<div class=\"elementor-widget-container\">\n\t\t\t\t\t\t<link rel=\"stylesheet\" id=\"wd-section-title-css\" href=\"https:\/\/zazkoland.com\/wp-content\/themes\/woodmart\/css\/parts\/el-section-title.min.css?ver=7.2.5\" type=\"text\/css\" media=\"all\" \/> \t\t\t\t\t<div class=\"title-wrapper set-mb-s reset-last-child wd-title-color-default wd-title-style-default wd-title-size-default text-left\">\n\n\t\t\t\n\t\t\t<div class=\"liner-continer\">\n\t\t\t\t<h4 class=\"woodmart-title-container title wd-fontsize-l\">Fachwissen zur Landtransformation<\/h4> \n\t\t\t\t\t\t\t<\/div>\n\n\t\t\t\t\t\t\t<div class=\"title-after_title set-cont-mb-s reset-last-child wd-fontsize-xs\">\n\t\t\t\t\t<p>Bei Zazko Land leiten wir das Ministerium f\u00fcr Landgewinnung und -bewirtschaftung mit un\u00fcbertroffener Kompetenz. Mithilfe modernster G.B.S.-Ger\u00e4te heben und verj\u00fcngen wir Fl\u00e4chen pr\u00e4zise. Unser Engagement erstreckt sich auch auf die Nivellierung des Bodens mithilfe modernster Schwermaschinen, um optimale Bedingungen f\u00fcr den Anbau zu gew\u00e4hrleisten.<\/p>\t\t\t\t<\/div>\n\t\t\t\t\t<\/div>\n\t\t\t\t<\/div>\n\t\t\t\t<\/div>\n\t\t\t\t\t<\/div>\n\t\t<\/div>\n\t\t\t\t\t\t\t<\/div>\n\t\t<\/section>\n\t\t\t\t<section class=\"wd-negative-gap elementor-section elementor-top-section elementor-element elementor-element-44fff97 elementor-section-boxed elementor-section-height-default elementor-section-height-default wd-section-disabled\" data-id=\"44fff97\" data-element_type=\"section\">\n\t\t\t\t\t\t<div class=\"elementor-container elementor-column-gap-default\">\n\t\t\t\t\t<div class=\"elementor-column elementor-col-50 elementor-top-column elementor-element elementor-element-a71dd33\" data-id=\"a71dd33\" data-element_type=\"column\">\n\t\t\t<div class=\"elementor-widget-wrap elementor-element-populated\">\n\t\t\t\t\t\t\t\t<div class=\"elementor-element elementor-element-eaf0245 elementor-widget elementor-widget-wd_text_block\" data-id=\"eaf0245\" data-element_type=\"widget\" data-widget_type=\"wd_text_block.default\">\n\t\t\t\t<div class=\"elementor-widget-container\">\n\t\t\t\t\t\t<link rel=\"stylesheet\" id=\"wd-text-block-css\" href=\"https:\/\/zazkoland.com\/wp-content\/themes\/woodmart\/css\/parts\/el-text-block.min.css?ver=7.2.5\" type=\"text\/css\" media=\"all\" \/> \t\t\t\t\t<div class=\"wd-text-block reset-last-child text-left\">\n\t\t\t\n\t\t\t<p>Bei Zazko Land leiten wir das Ministerium f\u00fcr Landgewinnung und -bewirtschaftung mit un\u00fcbertroffener Kompetenz. Mithilfe modernster G.B.S.-Ger\u00e4te heben und verj\u00fcngen wir Fl\u00e4chen pr\u00e4zise. Unser Engagement erstreckt sich auch auf die Nivellierung des Bodens mithilfe modernster Schwermaschinen, um optimale Bedingungen f\u00fcr den Anbau zu gew\u00e4hrleisten.<\/p>\n\t\t\t\t\t<\/div>\n\t\t\t\t<\/div>\n\t\t\t\t<\/div>\n\t\t\t\t\t<\/div>\n\t\t<\/div>\n\t\t\t\t<div class=\"elementor-column elementor-col-50 elementor-top-column elementor-element elementor-element-681abaa\" data-id=\"681abaa\" data-element_type=\"column\">\n\t\t\t<div class=\"elementor-widget-wrap elementor-element-populated\">\n\t\t\t\t\t\t\t\t<div class=\"elementor-element elementor-element-ac133b9 elementor-widget elementor-widget-wd_text_block\" data-id=\"ac133b9\" data-element_type=\"widget\" data-widget_type=\"wd_text_block.default\">\n\t\t\t\t<div class=\"elementor-widget-container\">\n\t\t\t\t\t<div class=\"wd-text-block reset-last-child text-left\">\n\t\t\t\n\t\t\t<p>Unser Verm\u00e4chtnis zeichnet sich dadurch aus, dass wir Grenzen \u00fcberschreiten und Erwartungen \u00fcbertreffen und uns dort weiterentwickeln, wo andere aufh\u00f6ren. Mit \u00fcber 50 Jahren Erfahrung in diesem Bereich gestalten wir weiterhin fruchtbare Landschaften und kultivieren den Erfolg.<\/p>\n\t\t\t\t\t<\/div>\n\t\t\t\t<\/div>\n\t\t\t\t<\/div>\n\t\t\t\t\t<\/div>\n\t\t<\/div>\n\t\t\t\t\t\t\t<\/div>\n\t\t<\/section>\n\t\t\t\t<section class=\"wd-negative-gap elementor-section elementor-top-section elementor-element elementor-element-22820e4 elementor-section-boxed elementor-section-height-default elementor-section-height-default wd-section-disabled\" data-id=\"22820e4\" data-element_type=\"section\">\n\t\t\t\t\t\t<div class=\"elementor-container elementor-column-gap-default\">\n\t\t\t\t\t<div class=\"elementor-column elementor-col-100 elementor-top-column elementor-element elementor-element-d4d8f76\" data-id=\"d4d8f76\" data-element_type=\"column\">\n\t\t\t<div class=\"elementor-widget-wrap elementor-element-populated\">\n\t\t\t\t\t\t\t\t<div class=\"elementor-element elementor-element-13c4ad8 elementor-widget elementor-widget-wd_title\" data-id=\"13c4ad8\" data-element_type=\"widget\" data-widget_type=\"wd_title.default\">\n\t\t\t\t<div class=\"elementor-widget-container\">\n\t\t\t\t\t<div class=\"title-wrapper set-mb-s reset-last-child wd-title-color-default wd-title-style-default wd-title-size-medium text-center\">\n\n\t\t\t\n\t\t\t<div class=\"liner-continer\">\n\t\t\t\t<h4 class=\"woodmart-title-container title wd-fontsize-xl\">Galerie<\/h4> \n\t\t\t\t\t\t\t<\/div>\n\n\t\t\t\t\t<\/div>\n\t\t\t\t<\/div>\n\t\t\t\t<\/div>\n\t\t\t\t<div class=\"elementor-element elementor-element-b28b514 elementor-widget elementor-widget-wd_images_gallery\" data-id=\"b28b514\" data-element_type=\"widget\" data-widget_type=\"wd_images_gallery.default\">\n\t\t\t\t<div class=\"elementor-widget-container\">\n\t\t\t\t\t\t<link rel=\"stylesheet\" id=\"wd-photoswipe-css\" href=\"https:\/\/zazkoland.com\/wp-content\/themes\/woodmart\/css\/parts\/lib-photoswipe.min.css?ver=7.2.5\" type=\"text\/css\" media=\"all\" \/> \t\t\t\t\t\t<link rel=\"stylesheet\" id=\"wd-image-gallery-css\" href=\"https:\/\/zazkoland.com\/wp-content\/themes\/woodmart\/css\/parts\/el-gallery.min.css?ver=7.2.5\" type=\"text\/css\" media=\"all\" \/> \t\t\t\t\t<div class=\"wd-images-gallery wd-justify-center wd-items-middle view-masonry photoswipe-images\" >\n\t\t\t<div class=\"gallery-images row wd-spacing-20\">\n\t\t\t\t\t\t\t\t\t\t\t\t\t\t<div class=\"wd-gallery-item  col-lg-6 col-md-6 col-12\">\n\t\t\t\t\t\t\t\t\t\t\t\t\t<a  href=\"https:\/\/zazkoland.com\/wp-content\/uploads\/2023\/08\/Land-reclamation-and-cultivation-4.png\"data-width=\"1200\" data-height=\"628\" data-index=\"1\" data-elementor-open-lightbox=\"no\">\n\t\t\t\t\t\t\n\t\t\t\t\t\t<img decoding=\"async\" src=\"https:\/\/zazkoland.com\/wp-content\/uploads\/2023\/08\/Land-reclamation-and-cultivation-4.png\"alt=\"Land reclamation and cultivation 4\">\n\t\t\t\t\t\t\t\t\t\t\t\t\t<\/a>\n\t\t\t\t\t\t\t\t\t\t\t<\/div>\n\t\t\t\t\t\t\t\t\t\t\t\t\t\t\t<div class=\"wd-gallery-item  col-lg-6 col-md-6 col-12\">\n\t\t\t\t\t\t\t\t\t\t\t\t\t<a  href=\"https:\/\/zazkoland.com\/wp-content\/uploads\/2023\/08\/Land-reclamation-and-cultivation-3.png\"data-width=\"1200\" data-height=\"628\" data-index=\"2\" data-elementor-open-lightbox=\"no\">\n\t\t\t\t\t\t\n\t\t\t\t\t\t<img decoding=\"async\" src=\"https:\/\/zazkoland.com\/wp-content\/uploads\/2023\/08\/Land-reclamation-and-cultivation-3.png\"alt=\"Land reclamation and cultivation 3\">\n\t\t\t\t\t\t\t\t\t\t\t\t\t<\/a>\n\t\t\t\t\t\t\t\t\t\t\t<\/div>\n\t\t\t\t\t\t\t\t\t\t\t\t\t\t\t<div class=\"wd-gallery-item  col-lg-6 col-md-6 col-12\">\n\t\t\t\t\t\t\t\t\t\t\t\t\t<a  href=\"https:\/\/zazkoland.com\/wp-content\/uploads\/2023\/08\/Land-reclamation-and-cultivation-2.png\"data-width=\"1200\" data-height=\"628\" data-index=\"3\" data-elementor-open-lightbox=\"no\">\n\t\t\t\t\t\t\n\t\t\t\t\t\t<img decoding=\"async\" src=\"https:\/\/zazkoland.com\/wp-content\/uploads\/2023\/08\/Land-reclamation-and-cultivation-2.png\"alt=\"Land reclamation and cultivation 2\">\n\t\t\t\t\t\t\t\t\t\t\t\t\t<\/a>\n\t\t\t\t\t\t\t\t\t\t\t<\/div>\n\t\t\t\t\t\t\t\t\t\t\t\t\t\t\t<div class=\"wd-gallery-item  col-lg-6 col-md-6 col-12\">\n\t\t\t\t\t\t\t\t\t\t\t\t\t<a  href=\"https:\/\/zazkoland.com\/wp-content\/uploads\/2023\/08\/Land-reclamation-and-cultivation-1.png\"data-width=\"1200\" data-height=\"628\" data-index=\"4\" data-elementor-open-lightbox=\"no\">\n\t\t\t\t\t\t\n\t\t\t\t\t\t<img decoding=\"async\" src=\"https:\/\/zazkoland.com\/wp-content\/uploads\/2023\/08\/Land-reclamation-and-cultivation-1.png\"alt=\"Land reclamation and cultivation 1\">\n\t\t\t\t\t\t\t\t\t\t\t\t\t<\/a>\n\t\t\t\t\t\t\t\t\t\t\t<\/div>\n\t\t\t\t\t\t\t\t<\/div>\n\t\t<\/div>\n\t\t\t\t<\/div>\n\t\t\t\t<\/div>\n\t\t\t\t\t<\/div>\n\t\t<\/div>\n\t\t\t\t\t\t\t<\/div>\n\t\t<\/section>\n\t\t\t\t\t\t\t<\/div>\n\t\t","protected":false},"excerpt":{"rendered":"<p>Fachwissen zur Landtransformation Bei Zazko Land leiten wir das Ministerium f\u00fcr Landgewinnung und -bewirtschaftung mit un\u00fcbertroffener Kompetenz. Mithilfe modernster G.B.S.-Ger\u00e4te<\/p>\n","protected":false},"author":1,"featured_media":0,"parent":16490,"menu_order":0,"comment_status":"closed","ping_status":"closed","template":"","meta":{"_joinchat":[],"footnotes":""},"class_list":["post-16501","page","type-page","status-publish","hentry"],"_links":{"self":[{"href":"https:\/\/zazkoland.com\/de\/wp-json\/wp\/v2\/pages\/16501"}],"collection":[{"href":"https:\/\/zazkoland.com\/de\/wp-json\/wp\/v2\/pages"}],"about":[{"href":"https:\/\/zazkoland.com\/de\/wp-json\/wp\/v2\/types\/page"}],"author":[{"embeddable":true,"href":"https:\/\/zazkoland.com\/de\/wp-json\/wp\/v2\/users\/1"}],"replies":[{"embeddable":true,"href":"https:\/\/zazkoland.com\/de\/wp-json\/wp\/v2\/comments?post=16501"}],"version-history":[{"count":1,"href":"https:\/\/zazkoland.com\/de\/wp-json\/wp\/v2\/pages\/16501\/revisions"}],"predecessor-version":[{"id":16502,"href":"https:\/\/zazkoland.com\/de\/wp-json\/wp\/v2\/pages\/16501\/revisions\/16502"}],"up":[{"embeddable":true,"href":"https:\/\/zazkoland.com\/de\/wp-json\/wp\/v2\/pages\/16490"}],"wp:attachment":[{"href":"https:\/\/zazkoland.com\/de\/wp-json\/wp\/v2\/media?parent=16501"}],"curies":[{"name":"wp","href":"https:\/\/api.w.org\/{rel}","templated":true}]}}