{"id":16492,"date":"2023-08-28T17:53:59","date_gmt":"2023-08-28T16:53:59","guid":{"rendered":"https:\/\/zazkoland.com\/dienstleistungen\/landwirtschaftliche-gewaechshaeuser\/"},"modified":"2023-08-30T16:38:08","modified_gmt":"2023-08-30T15:38:08","slug":"landwirtschaftliche-gewaechshaeuser","status":"publish","type":"page","link":"https:\/\/zazkoland.com\/de\/dienstleistungen\/landwirtschaftliche-gewaechshaeuser\/","title":{"rendered":"Landwirtschaftliche Gew\u00e4chsh\u00e4user"},"content":{"rendered":"\t\t<div data-elementor-type=\"wp-page\" data-elementor-id=\"16492\" class=\"elementor elementor-16492 elementor-16311\">\n\t\t\t\t\t\t\t\t\t<section class=\"wd-negative-gap elementor-section elementor-top-section elementor-element elementor-element-658a78a elementor-section-content-middle elementor-section-boxed elementor-section-height-default elementor-section-height-default wd-section-disabled\" data-id=\"658a78a\" data-element_type=\"section\">\n\t\t\t\t\t\t<div class=\"elementor-container elementor-column-gap-default\">\n\t\t\t\t\t<div class=\"elementor-column elementor-col-50 elementor-top-column elementor-element elementor-element-b4cd83c\" data-id=\"b4cd83c\" data-element_type=\"column\">\n\t\t\t<div class=\"elementor-widget-wrap elementor-element-populated\">\n\t\t\t\t\t\t\t\t<div class=\"elementor-element elementor-element-247d131 elementor-widget elementor-widget-wd_image_or_svg\" data-id=\"247d131\" data-element_type=\"widget\" data-widget_type=\"wd_image_or_svg.default\">\n\t\t\t\t<div class=\"elementor-widget-container\">\n\t\t\t\n\t\t<div class=\"wd-image text-left\">\n\t\t\t\t\t\t\t\t<img loading=\"lazy\" decoding=\"async\" width=\"1200\" height=\"628\" src=\"https:\/\/zazkoland.com\/wp-content\/uploads\/2023\/08\/Agricultural-greenhouses.png\" class=\"attachment-full size-full wp-image-16312\" alt=\"\" srcset=\"https:\/\/zazkoland.com\/wp-content\/uploads\/2023\/08\/Agricultural-greenhouses.png 1200w, https:\/\/zazkoland.com\/wp-content\/uploads\/2023\/08\/Agricultural-greenhouses-400x209.png 400w, https:\/\/zazkoland.com\/wp-content\/uploads\/2023\/08\/Agricultural-greenhouses-768x402.png 768w, https:\/\/zazkoland.com\/wp-content\/uploads\/2023\/08\/Agricultural-greenhouses-860x450.png 860w, https:\/\/zazkoland.com\/wp-content\/uploads\/2023\/08\/Agricultural-greenhouses-430x225.png 430w, https:\/\/zazkoland.com\/wp-content\/uploads\/2023\/08\/Agricultural-greenhouses-700x366.png 700w, https:\/\/zazkoland.com\/wp-content\/uploads\/2023\/08\/Agricultural-greenhouses-150x79.png 150w\" sizes=\"(max-width: 1200px) 100vw, 1200px\" \/>\t\t\t\t\t<\/div>\n\n\t\t\t\t<\/div>\n\t\t\t\t<\/div>\n\t\t\t\t\t<\/div>\n\t\t<\/div>\n\t\t\t\t<div class=\"elementor-column elementor-col-50 elementor-top-column elementor-element elementor-element-d78c916\" data-id=\"d78c916\" data-element_type=\"column\">\n\t\t\t<div class=\"elementor-widget-wrap elementor-element-populated\">\n\t\t\t\t\t\t\t\t<div class=\"elementor-element elementor-element-43ddef0 elementor-widget elementor-widget-wd_title\" data-id=\"43ddef0\" data-element_type=\"widget\" data-widget_type=\"wd_title.default\">\n\t\t\t\t<div class=\"elementor-widget-container\">\n\t\t\t\t\t\t<link rel=\"stylesheet\" id=\"wd-section-title-css\" href=\"https:\/\/zazkoland.com\/wp-content\/themes\/woodmart\/css\/parts\/el-section-title.min.css?ver=7.2.5\" type=\"text\/css\" media=\"all\" \/> \t\t\t\t\t<div class=\"title-wrapper set-mb-s reset-last-child wd-title-color-default wd-title-style-default wd-title-size-default text-left\">\n\n\t\t\t\n\t\t\t<div class=\"liner-continer\">\n\t\t\t\t<h4 class=\"woodmart-title-container title wd-fontsize-l\">Landwirtschaftliche Gew\u00e4chsh\u00e4user<\/h4> \n\t\t\t\t\t\t\t<\/div>\n\n\t\t\t\t\t\t\t<div class=\"title-after_title set-cont-mb-s reset-last-child wd-fontsize-xs\">\n\t\t\t\t\t<p>Entdecken Sie die Zukunft einer nachhaltigen Landwirtschaft mit unserem hochmodernen Service f\u00fcr landwirtschaftliche Gew\u00e4chsh\u00e4user. Unsere Gew\u00e4chsh\u00e4user sind darauf ausgelegt, den Ernteertrag zu maximieren und gleichzeitig die Umweltbelastung zu minimieren. Sie bieten eine innovative L\u00f6sung f\u00fcr den ganzj\u00e4hrigen Anbau.<\/p><p>Unser Expertenteam kombiniert modernste Technologie und landwirtschaftliches Fachwissen, um kontrollierte Umgebungen zu schaffen, die auf die spezifischen Bed\u00fcrfnisse verschiedener Kulturen zugeschnitten sind. Von der Temperatur- und Feuchtigkeitskontrolle bis hin zu optimalen Lichtverh\u00e4ltnissen sorgen wir daf\u00fcr, dass Ihre Pflanzen in einem perfekten \u00d6kosystem gedeihen.<\/p>\t\t\t\t<\/div>\n\t\t\t\t\t<\/div>\n\t\t\t\t<\/div>\n\t\t\t\t<\/div>\n\t\t\t\t\t<\/div>\n\t\t<\/div>\n\t\t\t\t\t\t\t<\/div>\n\t\t<\/section>\n\t\t\t\t<section class=\"wd-negative-gap elementor-section elementor-top-section elementor-element elementor-element-89ffa79 elementor-section-boxed elementor-section-height-default elementor-section-height-default wd-section-disabled\" data-id=\"89ffa79\" data-element_type=\"section\">\n\t\t\t\t\t\t<div class=\"elementor-container elementor-column-gap-default\">\n\t\t\t\t\t<div class=\"elementor-column elementor-col-50 elementor-top-column elementor-element elementor-element-dc48bf7\" data-id=\"dc48bf7\" data-element_type=\"column\">\n\t\t\t<div class=\"elementor-widget-wrap elementor-element-populated\">\n\t\t\t\t\t\t\t\t<div class=\"elementor-element elementor-element-1dc45d8 elementor-widget elementor-widget-wd_text_block\" data-id=\"1dc45d8\" data-element_type=\"widget\" data-widget_type=\"wd_text_block.default\">\n\t\t\t\t<div class=\"elementor-widget-container\">\n\t\t\t\t\t\t<link rel=\"stylesheet\" id=\"wd-text-block-css\" href=\"https:\/\/zazkoland.com\/wp-content\/themes\/woodmart\/css\/parts\/el-text-block.min.css?ver=7.2.5\" type=\"text\/css\" media=\"all\" \/> \t\t\t\t\t<div class=\"wd-text-block reset-last-child text-left\">\n\t\t\t\n\t\t\t<p>Vorteile unseres Service f\u00fcr landwirtschaftliche Gew\u00e4chsh\u00e4user:<\/p><ul><li>Ganzj\u00e4hriger Anbau: \u00dcberwinden Sie saisonale Einschr\u00e4nkungen und bauen Sie Ihre Pflanzen das ganze Jahr \u00fcber an, unabh\u00e4ngig von den Wetterbedingungen.<\/li><li>Pflanzenschutz: Sch\u00fctzen Sie Ihre Pflanzen vor Sch\u00e4dlingen, Krankheiten und rauem Wetter und sorgen Sie so f\u00fcr ges\u00fcndere und qualitativ hochwertigere Ertr\u00e4ge.<\/li><li>Ressourceneffizienz: Unsere Gew\u00e4chsh\u00e4user nutzen fortschrittliche Bew\u00e4sserungs- und N\u00e4hrstoffversorgungssysteme, wodurch der Wasser- und D\u00fcngemittelverbrauch minimiert wird.<\/li><li>Erh\u00f6hter Ertrag: Schaffen Sie ideale Wachstumsbedingungen f\u00fcr Ihre Pflanzen, was zu einer h\u00f6heren Produktivit\u00e4t und besseren Ernten f\u00fchrt.<\/li><li>Umweltvertr\u00e4glichkeit: Reduzieren Sie Ihren CO2-Fu\u00dfabdruck, indem Sie weniger Ressourcen verbrauchen und umweltfreundliche Praktiken anwenden.<\/li><li>Anpassung: Passen Sie die Gew\u00e4chshausumgebung an die spezifischen Anforderungen der Pflanzen an und optimieren Sie so Wachstum und Qualit\u00e4t.<\/li><\/ul>\n\t\t\t\t\t<\/div>\n\t\t\t\t<\/div>\n\t\t\t\t<\/div>\n\t\t\t\t\t<\/div>\n\t\t<\/div>\n\t\t\t\t<div class=\"elementor-column elementor-col-50 elementor-top-column elementor-element elementor-element-84fe5fb\" data-id=\"84fe5fb\" data-element_type=\"column\">\n\t\t\t<div class=\"elementor-widget-wrap elementor-element-populated\">\n\t\t\t\t\t\t\t\t<div class=\"elementor-element elementor-element-aea0ed0 elementor-widget elementor-widget-wd_text_block\" data-id=\"aea0ed0\" data-element_type=\"widget\" data-widget_type=\"wd_text_block.default\">\n\t\t\t\t<div class=\"elementor-widget-container\">\n\t\t\t\t\t<div class=\"wd-text-block reset-last-child text-left\">\n\t\t\t\n\t\t\t<p>Egal, ob Sie ein Kleinbauer oder ein gro\u00dfes landwirtschaftliches Unternehmen sind, unser Service f\u00fcr landwirtschaftliche Gew\u00e4chsh\u00e4user erm\u00f6glicht es Ihnen, die Kontrolle \u00fcber Ihren Anbauprozess zu \u00fcbernehmen. Erleben Sie eine Revolution in der Landwirtschaft, die Technologie mit der Natur verbindet, frische, hochwertige Produkte auf Ihren Tisch bringt und sich gleichzeitig f\u00fcr Nachhaltigkeit einsetzt.<\/p>\n\t\t\t\t\t<\/div>\n\t\t\t\t<\/div>\n\t\t\t\t<\/div>\n\t\t\t\t\t<\/div>\n\t\t<\/div>\n\t\t\t\t\t\t\t<\/div>\n\t\t<\/section>\n\t\t\t\t<section class=\"wd-negative-gap elementor-section elementor-top-section elementor-element elementor-element-d95cc97 elementor-section-boxed elementor-section-height-default elementor-section-height-default wd-section-disabled\" data-id=\"d95cc97\" data-element_type=\"section\">\n\t\t\t\t\t\t<div class=\"elementor-container elementor-column-gap-default\">\n\t\t\t\t\t<div class=\"elementor-column elementor-col-100 elementor-top-column elementor-element elementor-element-ee33d2a\" data-id=\"ee33d2a\" data-element_type=\"column\">\n\t\t\t<div class=\"elementor-widget-wrap elementor-element-populated\">\n\t\t\t\t\t\t\t\t<div class=\"elementor-element elementor-element-5ab8080 elementor-widget elementor-widget-wd_title\" data-id=\"5ab8080\" data-element_type=\"widget\" data-widget_type=\"wd_title.default\">\n\t\t\t\t<div class=\"elementor-widget-container\">\n\t\t\t\t\t<div class=\"title-wrapper set-mb-s reset-last-child wd-title-color-default wd-title-style-default wd-title-size-medium text-center\">\n\n\t\t\t\n\t\t\t<div class=\"liner-continer\">\n\t\t\t\t<h4 class=\"woodmart-title-container title wd-fontsize-xl\">Galerie<\/h4> \n\t\t\t\t\t\t\t<\/div>\n\n\t\t\t\t\t<\/div>\n\t\t\t\t<\/div>\n\t\t\t\t<\/div>\n\t\t\t\t<div class=\"elementor-element elementor-element-2017b35 elementor-widget elementor-widget-wd_images_gallery\" data-id=\"2017b35\" data-element_type=\"widget\" data-widget_type=\"wd_images_gallery.default\">\n\t\t\t\t<div class=\"elementor-widget-container\">\n\t\t\t\t\t\t<link rel=\"stylesheet\" id=\"wd-photoswipe-css\" href=\"https:\/\/zazkoland.com\/wp-content\/themes\/woodmart\/css\/parts\/lib-photoswipe.min.css?ver=7.2.5\" type=\"text\/css\" media=\"all\" \/> \t\t\t\t\t\t<link rel=\"stylesheet\" id=\"wd-image-gallery-css\" href=\"https:\/\/zazkoland.com\/wp-content\/themes\/woodmart\/css\/parts\/el-gallery.min.css?ver=7.2.5\" type=\"text\/css\" media=\"all\" \/> \t\t\t\t\t<div class=\"wd-images-gallery wd-justify-center wd-items-middle view-masonry photoswipe-images\" >\n\t\t\t<div class=\"gallery-images row wd-spacing-20\">\n\t\t\t\t\t\t\t\t\t\t\t\t\t\t<div class=\"wd-gallery-item  col-lg-6 col-md-6 col-12\">\n\t\t\t\t\t\t\t\t\t\t\t\t\t<a  href=\"https:\/\/zazkoland.com\/wp-content\/uploads\/2023\/08\/Agricultural-greenhouses-4.png\"data-width=\"1200\" data-height=\"628\" data-index=\"1\" data-elementor-open-lightbox=\"no\">\n\t\t\t\t\t\t\n\t\t\t\t\t\t<img decoding=\"async\" src=\"https:\/\/zazkoland.com\/wp-content\/uploads\/2023\/08\/Agricultural-greenhouses-4.png\"alt=\"Agricultural greenhouses 4\">\n\t\t\t\t\t\t\t\t\t\t\t\t\t<\/a>\n\t\t\t\t\t\t\t\t\t\t\t<\/div>\n\t\t\t\t\t\t\t\t\t\t\t\t\t\t\t<div class=\"wd-gallery-item  col-lg-6 col-md-6 col-12\">\n\t\t\t\t\t\t\t\t\t\t\t\t\t<a  href=\"https:\/\/zazkoland.com\/wp-content\/uploads\/2023\/08\/Agricultural-greenhouses-3.png\"data-width=\"1200\" data-height=\"628\" data-index=\"2\" data-elementor-open-lightbox=\"no\">\n\t\t\t\t\t\t\n\t\t\t\t\t\t<img decoding=\"async\" src=\"https:\/\/zazkoland.com\/wp-content\/uploads\/2023\/08\/Agricultural-greenhouses-3.png\"alt=\"Agricultural greenhouses 3\">\n\t\t\t\t\t\t\t\t\t\t\t\t\t<\/a>\n\t\t\t\t\t\t\t\t\t\t\t<\/div>\n\t\t\t\t\t\t\t\t\t\t\t\t\t\t\t<div class=\"wd-gallery-item  col-lg-6 col-md-6 col-12\">\n\t\t\t\t\t\t\t\t\t\t\t\t\t<a  href=\"https:\/\/zazkoland.com\/wp-content\/uploads\/2023\/08\/Agricultural-greenhouses-2.png\"data-width=\"1200\" data-height=\"628\" data-index=\"3\" data-elementor-open-lightbox=\"no\">\n\t\t\t\t\t\t\n\t\t\t\t\t\t<img decoding=\"async\" src=\"https:\/\/zazkoland.com\/wp-content\/uploads\/2023\/08\/Agricultural-greenhouses-2.png\"alt=\"Agricultural greenhouses 2\">\n\t\t\t\t\t\t\t\t\t\t\t\t\t<\/a>\n\t\t\t\t\t\t\t\t\t\t\t<\/div>\n\t\t\t\t\t\t\t\t\t\t\t\t\t\t\t<div class=\"wd-gallery-item  col-lg-6 col-md-6 col-12\">\n\t\t\t\t\t\t\t\t\t\t\t\t\t<a  href=\"https:\/\/zazkoland.com\/wp-content\/uploads\/2023\/08\/Agricultural-greenhouses-1.png\"data-width=\"1200\" data-height=\"628\" data-index=\"4\" data-elementor-open-lightbox=\"no\">\n\t\t\t\t\t\t\n\t\t\t\t\t\t<img decoding=\"async\" src=\"https:\/\/zazkoland.com\/wp-content\/uploads\/2023\/08\/Agricultural-greenhouses-1.png\"alt=\"Agricultural greenhouses 1\">\n\t\t\t\t\t\t\t\t\t\t\t\t\t<\/a>\n\t\t\t\t\t\t\t\t\t\t\t<\/div>\n\t\t\t\t\t\t\t\t<\/div>\n\t\t<\/div>\n\t\t\t\t<\/div>\n\t\t\t\t<\/div>\n\t\t\t\t\t<\/div>\n\t\t<\/div>\n\t\t\t\t\t\t\t<\/div>\n\t\t<\/section>\n\t\t\t\t\t\t\t<\/div>\n\t\t","protected":false},"excerpt":{"rendered":"<p>Landwirtschaftliche Gew\u00e4chsh\u00e4user Entdecken Sie die Zukunft einer nachhaltigen Landwirtschaft mit unserem hochmodernen Service f\u00fcr landwirtschaftliche Gew\u00e4chsh\u00e4user. Unsere Gew\u00e4chsh\u00e4user sind darauf<\/p>\n","protected":false},"author":1,"featured_media":16493,"parent":16490,"menu_order":0,"comment_status":"closed","ping_status":"closed","template":"","meta":{"_joinchat":[],"footnotes":""},"class_list":["post-16492","page","type-page","status-publish","has-post-thumbnail","hentry"],"_links":{"self":[{"href":"https:\/\/zazkoland.com\/de\/wp-json\/wp\/v2\/pages\/16492"}],"collection":[{"href":"https:\/\/zazkoland.com\/de\/wp-json\/wp\/v2\/pages"}],"about":[{"href":"https:\/\/zazkoland.com\/de\/wp-json\/wp\/v2\/types\/page"}],"author":[{"embeddable":true,"href":"https:\/\/zazkoland.com\/de\/wp-json\/wp\/v2\/users\/1"}],"replies":[{"embeddable":true,"href":"https:\/\/zazkoland.com\/de\/wp-json\/wp\/v2\/comments?post=16492"}],"version-history":[{"count":1,"href":"https:\/\/zazkoland.com\/de\/wp-json\/wp\/v2\/pages\/16492\/revisions"}],"predecessor-version":[{"id":16498,"href":"https:\/\/zazkoland.com\/de\/wp-json\/wp\/v2\/pages\/16492\/revisions\/16498"}],"up":[{"embeddable":true,"href":"https:\/\/zazkoland.com\/de\/wp-json\/wp\/v2\/pages\/16490"}],"wp:featuredmedia":[{"embeddable":true,"href":"https:\/\/zazkoland.com\/de\/wp-json\/wp\/v2\/media\/16493"}],"wp:attachment":[{"href":"https:\/\/zazkoland.com\/de\/wp-json\/wp\/v2\/media?parent=16492"}],"curies":[{"name":"wp","href":"https:\/\/api.w.org\/{rel}","templated":true}]}}